{"id":1049,"date":"2025-01-28T16:35:14","date_gmt":"2025-01-28T15:35:14","guid":{"rendered":"https:\/\/www.comolakeboats.it\/kontaktformular-italienisch\/"},"modified":"2026-03-06T09:47:31","modified_gmt":"2026-03-06T08:47:31","slug":"kontaktformular-italienisch","status":"publish","type":"page","link":"https:\/\/www.comolakeboats.it\/de\/kontaktformular-italienisch\/","title":{"rendered":"Kontaktformular Italienisch"},"content":{"rendered":"\t\t<div data-elementor-type=\"wp-page\" data-elementor-id=\"1049\" class=\"elementor elementor-1049 elementor-132\">\n\t\t\t\t<div class=\"elementor-element elementor-element-3d65a47 e-con-full e-flex wpr-particle-no wpr-jarallax-no wpr-parallax-no wpr-sticky-section-no wpr-equal-height-no e-con e-parent\" data-id=\"3d65a47\" data-element_type=\"container\" data-e-type=\"container\">\n\t\t\t\t<div class=\"elementor-element elementor-element-285b18f wpr-adv-slider-columns-1 wpr-adv-slider-columns--tablet1 wpr-adv-slider-columns--mobile1 wpr-adv-slides-to-scroll-1 wpr-slider-dots-horizontal elementor-widget elementor-widget-wpr-advanced-slider\" data-id=\"285b18f\" data-element_type=\"widget\" data-e-type=\"widget\" data-settings=\"{&quot;slider_amount&quot;:1,&quot;slider_amount_tablet&quot;:1,&quot;slider_amount_mobile&quot;:1,&quot;slides_to_scroll&quot;:1,&quot;slider_loop&quot;:&quot;yes&quot;,&quot;slider_hide_video_content&quot;:&quot;yes&quot;,&quot;slider_video_btn_size&quot;:&quot;medium&quot;}\" data-widget_type=\"wpr-advanced-slider.default\">\n\t\t\t\t<div class=\"elementor-widget-container\">\n\t\t\t\t\t\n\t\t<!-- Advanced Slider -->\n\t\t<div class=\"wpr-advanced-slider-wrap\">\n\t\t\t\n\t\t\t<div class=\"wpr-advanced-slider\" dir=\"ltr\" data-slick=\"{&quot;rtl&quot;:false,&quot;infinite&quot;:true,&quot;speed&quot;:700,&quot;arrows&quot;:true,&quot;dots&quot;:true,&quot;autoplay&quot;:false,&quot;autoplaySpeed&quot;:1000,&quot;pauseOnHover&quot;:&quot;&quot;,&quot;prevArrow&quot;:&quot;#wpr-slider-prev-285b18f&quot;,&quot;nextArrow&quot;:&quot;#wpr-slider-next-285b18f&quot;,&quot;vertical&quot;:false,&quot;adaptiveHeight&quot;:true}\" data-hide-video-content=\"yes\" data-video-btn-size=\"{&quot;widescreen&quot;:&quot;medium&quot;,&quot;desktop&quot;:&quot;medium&quot;,&quot;laptop&quot;:&quot;medium&quot;,&quot;tablet_extra&quot;:&quot;medium&quot;,&quot;tablet&quot;:&quot;medium&quot;,&quot;mobile_extra&quot;:&quot;medium&quot;,&quot;mobile&quot;:&quot;medium&quot;}\" data-slide-effect=\"slide\">\n\t\t\t\t<div class=\"wpr-slider-item elementor-repeater-item-9e7bdb9\"><div class=\"wpr-slider-item-bg \" style=\"background-image: url(https:\/\/www.comolakeboats.it\/wp-content\/uploads\/2025\/01\/homeslide-1170x4401-1.jpg)\"><\/div><div class=\"wpr-cv-container\"><div class=\"wpr-cv-outer\"><div class=\"wpr-cv-inner\"><div class=\"wpr-slider-content\"><div class=\"wpr-slider-title\"><h2>VON 75 EURO<\/h2><\/div><div class=\"wpr-slider-sub-title\"><h2>MIETE EIN BOOT BEI UNS!<\/h2><\/div><div class=\"wpr-slider-btns\"><a class=\"wpr-slider-primary-btn\" href=\"https:\/\/www.comolakeboats.it\/de\/motorboote\/\">BOOTE<\/a><\/div><\/div><\/div><\/div><\/div><\/div><div class=\"wpr-slider-item elementor-repeater-item-29ddf77\"><div class=\"wpr-slider-item-bg \" style=\"background-image: url(https:\/\/www.comolakeboats.it\/wp-content\/uploads\/2025\/01\/slide21.jpg)\"><\/div><div class=\"wpr-cv-container\"><div class=\"wpr-cv-outer\"><div class=\"wpr-cv-inner\"><div class=\"wpr-slider-content\"><div class=\"wpr-slider-title\"><h2>VON 75 EURO<\/h2><\/div><div class=\"wpr-slider-sub-title\"><h2>MIETE EIN BOOT BEI UNS!<\/h2><\/div><div class=\"wpr-slider-btns\"><a class=\"wpr-slider-primary-btn\" href=\"https:\/\/www.comolakeboats.it\/de\/motorboote\/\">BOOTE<\/a><\/div><\/div><\/div><\/div><\/div><\/div><div class=\"wpr-slider-item elementor-repeater-item-94afe78\"><div class=\"wpr-slider-item-bg \" style=\"background-image: url(https:\/\/www.comolakeboats.it\/wp-content\/uploads\/2025\/01\/slide-21.jpg)\"><\/div><div class=\"wpr-cv-container\"><div class=\"wpr-cv-outer\"><div class=\"wpr-cv-inner\"><div class=\"wpr-slider-content\"><div class=\"wpr-slider-title\"><h2>VON 75 EURO<\/h2><\/div><div class=\"wpr-slider-sub-title\"><h2>MIETE EIN BOOT BEI UNS!<\/h2><\/div><div class=\"wpr-slider-btns\"><a class=\"wpr-slider-primary-btn\" href=\"https:\/\/www.comolakeboats.it\/de\/motorboote\/\">BOOTE<\/a><\/div><\/div><\/div><\/div><\/div><\/div><div class=\"wpr-slider-item elementor-repeater-item-e14c83f\"><div class=\"wpr-slider-item-bg \" style=\"background-image: url(https:\/\/www.comolakeboats.it\/wp-content\/uploads\/2025\/01\/slide11.jpg)\"><\/div><div class=\"wpr-cv-container\"><div class=\"wpr-cv-outer\"><div class=\"wpr-cv-inner\"><div class=\"wpr-slider-content\"><div class=\"wpr-slider-title\"><h2>VON 75 EURO<\/h2><\/div><div class=\"wpr-slider-sub-title\"><h2>MIETE EIN BOOT BEI UNS!<\/h2><\/div><div class=\"wpr-slider-btns\"><a class=\"wpr-slider-primary-btn\" href=\"https:\/\/www.comolakeboats.it\/de\/motorboote\/\">BOOTE<\/a><\/div><\/div><\/div><\/div><\/div><\/div>\t\t\t<\/div>\n\t\t\t<div class=\"wpr-slider-controls\">\n\t\t\t\t<div class=\"wpr-slider-dots\"><\/div>\n\t\t\t<\/div>\n\n\t\t\t<div class=\"wpr-slider-arrow-container\">\n\t\t\t\t<div class=\"wpr-slider-prev-arrow wpr-slider-arrow\" id=\"wpr-slider-prev-285b18f\">\n\t\t\t\t\t<svg version=\"1.1\" xmlns=\"http:\/\/www.w3.org\/2000\/svg\" xmlns:xlink=\"http:\/\/www.w3.org\/1999\/xlink\" x=\"0px\" y=\"0px\" viewBox=\"0 0 283.4 512\" style=\"enable-background:new 0 0 283.4 512;\" xml:space=\"preserve\"><g><polygon class=\"st0\" points=\"54.5,256.3 283.4,485.1 256.1,512.5 0,256.3 0,256.3 27.2,229 256.1,0 283.4,27.4 \"\/><\/g><\/svg>\t\t\t\t<\/div>\n\t\t\t\t<div class=\"wpr-slider-next-arrow wpr-slider-arrow\" id=\"wpr-slider-next-285b18f\">\n\t\t\t\t\t<svg version=\"1.1\" xmlns=\"http:\/\/www.w3.org\/2000\/svg\" xmlns:xlink=\"http:\/\/www.w3.org\/1999\/xlink\" x=\"0px\" y=\"0px\" viewBox=\"0 0 283.4 512\" style=\"enable-background:new 0 0 283.4 512;\" xml:space=\"preserve\"><g><polygon class=\"st0\" points=\"54.5,256.3 283.4,485.1 256.1,512.5 0,256.3 0,256.3 27.2,229 256.1,0 283.4,27.4 \"\/><\/g><\/svg>\t\t\t\t<\/div>\n\t\t\t<\/div>\n\t\t\t\n\t\t\t\n\t\t<\/div>\n\t\t\t\t\t\t<\/div>\n\t\t\t\t<\/div>\n\t\t\t\t<\/div>\n\t\t<div class=\"elementor-element elementor-element-62180a0 e-flex e-con-boxed wpr-particle-no wpr-jarallax-no wpr-parallax-no wpr-sticky-section-no wpr-equal-height-no e-con e-parent\" data-id=\"62180a0\" data-element_type=\"container\" data-e-type=\"container\">\n\t\t\t\t\t<div class=\"e-con-inner\">\n\t\t\t\t<div class=\"elementor-element elementor-element-8bd1a68 elementor-widget elementor-widget-heading\" data-id=\"8bd1a68\" data-element_type=\"widget\" data-e-type=\"widget\" data-widget_type=\"heading.default\">\n\t\t\t\t<div class=\"elementor-widget-container\">\n\t\t\t\t\t<h1 class=\"elementor-heading-title elementor-size-default\">Bootsverleih Comer See: Standort, \u00d6ffnungszeiten und n\u00fctzliche Informationen<\/h1>\t\t\t\t<\/div>\n\t\t\t\t<\/div>\n\t\t\t\t<div class=\"elementor-element elementor-element-f9ef902 elementor-widget elementor-widget-heading\" data-id=\"f9ef902\" data-element_type=\"widget\" data-e-type=\"widget\" data-widget_type=\"heading.default\">\n\t\t\t\t<div class=\"elementor-widget-container\">\n\t\t\t\t\t<h1 class=\"elementor-heading-title elementor-size-default\">Wie Sie Como Lake Boats erreichen und kontaktieren<\/h1>\t\t\t\t<\/div>\n\t\t\t\t<\/div>\n\t\t\t\t<div class=\"elementor-element elementor-element-eda5eb0 elementor-widget elementor-widget-text-editor\" data-id=\"eda5eb0\" data-element_type=\"widget\" data-e-type=\"widget\" data-widget_type=\"text-editor.default\">\n\t\t\t\t<div class=\"elementor-widget-container\">\n\t\t\t\t\t\t\t\t\t<p>Planen Sie Ihr n\u00e4chstes Wasserabenteuer mit Como Lake Boats. Unser Hauptsitz in Domaso (CO) ist der ideale Ausgangspunkt, um die historischen Villen und die malerischsten D\u00f6rfer des Lario zu erkunden. Ob Sie ein Motorboot ohne F\u00fchrerschein mieten oder ein Boot f\u00fcr eine private Tour w\u00fcnschen, wir garantieren direkten Zugang zum See mit schnellen und transparenten Check-in-Prozessen. Konsultieren Sie unsere aktualisierten Saisonzeiten und erfahren Sie, wie Sie uns leicht erreichen k\u00f6nnen: Ihr Premium-Erlebnis f\u00fcr Bootsverleih am Comer See beginnt hier, mit der Professionalit\u00e4t derer, die den See t\u00e4glich leben.   <\/p>\t\t\t\t\t\t\t\t<\/div>\n\t\t\t\t<\/div>\n\t\t\t\t\t<\/div>\n\t\t\t\t<\/div>\n\t\t<div class=\"elementor-element elementor-element-ccccbbd e-flex e-con-boxed wpr-particle-no wpr-jarallax-no wpr-parallax-no wpr-sticky-section-no wpr-equal-height-no e-con e-parent\" data-id=\"ccccbbd\" data-element_type=\"container\" data-e-type=\"container\">\n\t\t\t\t\t<div class=\"e-con-inner\">\n\t\t<div class=\"elementor-element elementor-element-c7e80ea e-con-full e-flex wpr-particle-no wpr-jarallax-no wpr-parallax-no wpr-sticky-section-no wpr-equal-height-no e-con e-child\" data-id=\"c7e80ea\" data-element_type=\"container\" data-e-type=\"container\">\n\t\t\t\t<div class=\"elementor-element elementor-element-959c849 elementor-view-default elementor-position-block-start elementor-mobile-position-block-start elementor-widget elementor-widget-icon-box\" data-id=\"959c849\" data-element_type=\"widget\" data-e-type=\"widget\" data-widget_type=\"icon-box.default\">\n\t\t\t\t<div class=\"elementor-widget-container\">\n\t\t\t\t\t\t\t<div class=\"elementor-icon-box-wrapper\">\n\n\t\t\t\t\t\t<div class=\"elementor-icon-box-icon\">\n\t\t\t\t<span  class=\"elementor-icon\">\n\t\t\t\t<svg aria-hidden=\"true\" class=\"e-font-icon-svg e-far-clock\" viewBox=\"0 0 512 512\" xmlns=\"http:\/\/www.w3.org\/2000\/svg\"><path d=\"M256 8C119 8 8 119 8 256s111 248 248 248 248-111 248-248S393 8 256 8zm0 448c-110.5 0-200-89.5-200-200S145.5 56 256 56s200 89.5 200 200-89.5 200-200 200zm61.8-104.4l-84.9-61.7c-3.1-2.3-4.9-5.9-4.9-9.7V116c0-6.6 5.4-12 12-12h32c6.6 0 12 5.4 12 12v141.7l66.8 48.6c5.4 3.9 6.5 11.4 2.6 16.8L334.6 349c-3.9 5.3-11.4 6.5-16.8 2.6z\"><\/path><\/svg>\t\t\t\t<\/span>\n\t\t\t<\/div>\n\t\t\t\n\t\t\t\t\t\t<div class=\"elementor-icon-box-content\">\n\n\t\t\t\t\t\t\t\t\t<h3 class=\"elementor-icon-box-title\">\n\t\t\t\t\t\t<span  >\n\t\t\t\t\t\t\tCOMOLAKEBOATS \t\t\t\t\t\t<\/span>\n\t\t\t\t\t<\/h3>\n\t\t\t\t\n\t\t\t\t\n\t\t\t<\/div>\n\t\t\t\n\t\t<\/div>\n\t\t\t\t\t\t<\/div>\n\t\t\t\t<\/div>\n\t\t\t\t<div class=\"elementor-element elementor-element-d14b113 elementor-widget elementor-widget-heading\" data-id=\"d14b113\" data-element_type=\"widget\" data-e-type=\"widget\" data-widget_type=\"heading.default\">\n\t\t\t\t<div class=\"elementor-widget-container\">\n\t\t\t\t\t<h2 class=\"elementor-heading-title elementor-size-default\">\u00d6FFNUNGSZEITEN:<\/h2>\t\t\t\t<\/div>\n\t\t\t\t<\/div>\n\t\t\t\t<div class=\"elementor-element elementor-element-dbf1b8c elementor-widget elementor-widget-text-editor\" data-id=\"dbf1b8c\" data-element_type=\"widget\" data-e-type=\"widget\" data-widget_type=\"text-editor.default\">\n\t\t\t\t<div class=\"elementor-widget-container\">\n\t\t\t\t\t\t\t\t\t<p>09.00 &#8211; 12.00<br>13.00 &#8211; 19.00 .<\/p>\t\t\t\t\t\t\t\t<\/div>\n\t\t\t\t<\/div>\n\t\t\t\t<\/div>\n\t\t<div class=\"elementor-element elementor-element-9cf2c4d e-con-full e-flex wpr-particle-no wpr-jarallax-no wpr-parallax-no wpr-sticky-section-no wpr-equal-height-no e-con e-child\" data-id=\"9cf2c4d\" data-element_type=\"container\" data-e-type=\"container\">\n\t\t\t\t<div class=\"elementor-element elementor-element-da334b6 elementor-view-default elementor-position-block-start elementor-mobile-position-block-start elementor-widget elementor-widget-icon-box\" data-id=\"da334b6\" data-element_type=\"widget\" data-e-type=\"widget\" data-widget_type=\"icon-box.default\">\n\t\t\t\t<div class=\"elementor-widget-container\">\n\t\t\t\t\t\t\t<div class=\"elementor-icon-box-wrapper\">\n\n\t\t\t\t\t\t<div class=\"elementor-icon-box-icon\">\n\t\t\t\t<span  class=\"elementor-icon\">\n\t\t\t\t<svg aria-hidden=\"true\" class=\"e-font-icon-svg e-fas-map-marked-alt\" viewBox=\"0 0 576 512\" xmlns=\"http:\/\/www.w3.org\/2000\/svg\"><path d=\"M288 0c-69.59 0-126 56.41-126 126 0 56.26 82.35 158.8 113.9 196.02 6.39 7.54 17.82 7.54 24.2 0C331.65 284.8 414 182.26 414 126 414 56.41 357.59 0 288 0zm0 168c-23.2 0-42-18.8-42-42s18.8-42 42-42 42 18.8 42 42-18.8 42-42 42zM20.12 215.95A32.006 32.006 0 0 0 0 245.66v250.32c0 11.32 11.43 19.06 21.94 14.86L160 448V214.92c-8.84-15.98-16.07-31.54-21.25-46.42L20.12 215.95zM288 359.67c-14.07 0-27.38-6.18-36.51-16.96-19.66-23.2-40.57-49.62-59.49-76.72v182l192 64V266c-18.92 27.09-39.82 53.52-59.49 76.72-9.13 10.77-22.44 16.95-36.51 16.95zm266.06-198.51L416 224v288l139.88-55.95A31.996 31.996 0 0 0 576 426.34V176.02c0-11.32-11.43-19.06-21.94-14.86z\"><\/path><\/svg>\t\t\t\t<\/span>\n\t\t\t<\/div>\n\t\t\t\n\t\t\t\t\t\t<div class=\"elementor-icon-box-content\">\n\n\t\t\t\t\t\t\t\t\t<h3 class=\"elementor-icon-box-title\">\n\t\t\t\t\t\t<span  >\n\t\t\t\t\t\t\tSO ERREICHEN SIE UNS\t\t\t\t\t\t<\/span>\n\t\t\t\t\t<\/h3>\n\t\t\t\t\n\t\t\t\t\n\t\t\t<\/div>\n\t\t\t\n\t\t<\/div>\n\t\t\t\t\t\t<\/div>\n\t\t\t\t<\/div>\n\t\t\t\t<div class=\"elementor-element elementor-element-b9afef0 elementor-widget elementor-widget-heading\" data-id=\"b9afef0\" data-element_type=\"widget\" data-e-type=\"widget\" data-widget_type=\"heading.default\">\n\t\t\t\t<div class=\"elementor-widget-container\">\n\t\t\t\t\t<h2 class=\"elementor-heading-title elementor-size-default\">LOCATION:<\/h2>\t\t\t\t<\/div>\n\t\t\t\t<\/div>\n\t\t\t\t<div class=\"elementor-element elementor-element-719690d elementor-widget elementor-widget-text-editor\" data-id=\"719690d\" data-element_type=\"widget\" data-e-type=\"widget\" data-widget_type=\"text-editor.default\">\n\t\t\t\t<div class=\"elementor-widget-container\">\n\t\t\t\t\t\t\t\t\t<p>Circolo Vela Canottieri Domaso<br>Via Antica Regina 36 &#8211; 22013<br>DOMASO (CO) ITALY<\/p><p><strong>Breitengrad<\/strong>: 46,159051714096194<br><strong>L\u00e4ngengrad<\/strong>: 9,341902756738074<\/p><p data-sourcepos=\"14:1-14:51\"><b>oder<\/b><\/p><p><strong>Breitengrad<\/strong>: 46\u00b0 9&#8242; 32,59&#8243; N<br>L\u00e4ngengrad: 9\u00b0 20&#8242; 30,85&#8243; O<\/p>\t\t\t\t\t\t\t\t<\/div>\n\t\t\t\t<\/div>\n\t\t\t\t<\/div>\n\t\t<div class=\"elementor-element elementor-element-f3c7bce e-con-full e-flex wpr-particle-no wpr-jarallax-no wpr-parallax-no wpr-sticky-section-no wpr-equal-height-no e-con e-child\" data-id=\"f3c7bce\" data-element_type=\"container\" data-e-type=\"container\">\n\t\t\t\t<div class=\"elementor-element elementor-element-315c825 elementor-view-default elementor-position-block-start elementor-mobile-position-block-start elementor-widget elementor-widget-icon-box\" data-id=\"315c825\" data-element_type=\"widget\" data-e-type=\"widget\" data-widget_type=\"icon-box.default\">\n\t\t\t\t<div class=\"elementor-widget-container\">\n\t\t\t\t\t\t\t<div class=\"elementor-icon-box-wrapper\">\n\n\t\t\t\t\t\t<div class=\"elementor-icon-box-icon\">\n\t\t\t\t<span  class=\"elementor-icon\">\n\t\t\t\t<svg aria-hidden=\"true\" class=\"e-font-icon-svg e-fas-headset\" viewBox=\"0 0 512 512\" xmlns=\"http:\/\/www.w3.org\/2000\/svg\"><path d=\"M192 208c0-17.67-14.33-32-32-32h-16c-35.35 0-64 28.65-64 64v48c0 35.35 28.65 64 64 64h16c17.67 0 32-14.33 32-32V208zm176 144c35.35 0 64-28.65 64-64v-48c0-35.35-28.65-64-64-64h-16c-17.67 0-32 14.33-32 32v112c0 17.67 14.33 32 32 32h16zM256 0C113.18 0 4.58 118.83 0 256v16c0 8.84 7.16 16 16 16h16c8.84 0 16-7.16 16-16v-16c0-114.69 93.31-208 208-208s208 93.31 208 208h-.12c.08 2.43.12 165.72.12 165.72 0 23.35-18.93 42.28-42.28 42.28H320c0-26.51-21.49-48-48-48h-32c-26.51 0-48 21.49-48 48s21.49 48 48 48h181.72c49.86 0 90.28-40.42 90.28-90.28V256C507.42 118.83 398.82 0 256 0z\"><\/path><\/svg>\t\t\t\t<\/span>\n\t\t\t<\/div>\n\t\t\t\n\t\t\t\t\t\t<div class=\"elementor-icon-box-content\">\n\n\t\t\t\t\t\t\t\t\t<h3 class=\"elementor-icon-box-title\">\n\t\t\t\t\t\t<span  >\n\t\t\t\t\t\t\tSO ERREICHEN SIE UNS\t\t\t\t\t\t<\/span>\n\t\t\t\t\t<\/h3>\n\t\t\t\t\n\t\t\t\t\n\t\t\t<\/div>\n\t\t\t\n\t\t<\/div>\n\t\t\t\t\t\t<\/div>\n\t\t\t\t<\/div>\n\t\t\t\t<div class=\"elementor-element elementor-element-f015ad8 elementor-widget elementor-widget-text-editor\" data-id=\"f015ad8\" data-element_type=\"widget\" data-e-type=\"widget\" data-widget_type=\"text-editor.default\">\n\t\t\t\t<div class=\"elementor-widget-container\">\n\t\t\t\t\t\t\t\t\t<p>Telefon: +39 333 401 4995<br>E-Mail: info@comolakeboats.it<\/p>\t\t\t\t\t\t\t\t<\/div>\n\t\t\t\t<\/div>\n\t\t\t\t<\/div>\n\t\t\t\t\t<\/div>\n\t\t\t\t<\/div>\n\t\t<div class=\"elementor-element elementor-element-a03776b e-flex e-con-boxed wpr-particle-no wpr-jarallax-no wpr-parallax-no wpr-sticky-section-no wpr-equal-height-no e-con e-parent\" data-id=\"a03776b\" data-element_type=\"container\" data-e-type=\"container\">\n\t\t\t\t\t<div class=\"e-con-inner\">\n\t\t\t\t<div class=\"elementor-element elementor-element-fe5997d elementor-widget elementor-widget-text-editor\" data-id=\"fe5997d\" data-element_type=\"widget\" data-e-type=\"widget\" data-widget_type=\"text-editor.default\">\n\t\t\t\t<div class=\"elementor-widget-container\">\n\t\t\t\t\t\t\t\t\t<p><p class=\"wpcf7-contact-form-not-found\"><strong>Fehler:<\/strong> Kontaktformular wurde nicht gefunden.<\/p><\/p>\t\t\t\t\t\t\t\t<\/div>\n\t\t\t\t<\/div>\n\t\t\t\t<div class=\"elementor-element elementor-element-1bf5f67 elementor-widget elementor-widget-spacer\" data-id=\"1bf5f67\" data-element_type=\"widget\" data-e-type=\"widget\" data-widget_type=\"spacer.default\">\n\t\t\t\t<div class=\"elementor-widget-container\">\n\t\t\t\t\t\t\t<div class=\"elementor-spacer\">\n\t\t\t<div class=\"elementor-spacer-inner\"><\/div>\n\t\t<\/div>\n\t\t\t\t\t\t<\/div>\n\t\t\t\t<\/div>\n\t\t\t\t\t<\/div>\n\t\t\t\t<\/div>\n\t\t<div class=\"elementor-element elementor-element-ff74203 e-con-full e-flex wpr-particle-no wpr-jarallax-no wpr-parallax-no wpr-sticky-section-no wpr-equal-height-no e-con e-parent\" data-id=\"ff74203\" data-element_type=\"container\" data-e-type=\"container\">\n\t\t\t\t<div class=\"elementor-element elementor-element-65c1da2 elementor-widget elementor-widget-html\" data-id=\"65c1da2\" data-element_type=\"widget\" data-e-type=\"widget\" data-widget_type=\"html.default\">\n\t\t\t\t<div class=\"elementor-widget-container\">\n\t\t\t\t\t<iframe style=\"border: 0;\" src=\"https:\/\/www.google.com\/maps\/embed?pb=!1m18!1m12!1m3!1d2763.5834990994704!2d9.339596615731804!3d46.15903929483059!2m3!1f0!2f0!3f0!3m2!1i1024!2i768!4f13.1!3m3!1m2!1s0x0%3A0x0!2zNDbCsDA5JzMyLjUiTiA5wrAyMCczMC40IkU!5e0!3m2!1sit!2sit!4v1447867730011\" width=\"100%\" height=\"500\" frameborder=\"0\" allowfullscreen=\"allowfullscreen\"><\/iframe>\t\t\t\t<\/div>\n\t\t\t\t<\/div>\n\t\t\t\t<\/div>\n\t\t\t\t<\/div>\n\t\t","protected":false},"excerpt":{"rendered":"<p>VON 75 EURO MIETE EIN BOOT BEI UNS! BOOTE VON 75 EURO MIETE EIN BOOT BEI UNS! BOOTE VON 75 EURO MIETE EIN BOOT BEI UNS! BOOTE VON 75 EURO MIETE EIN BOOT BEI UNS! BOOTE Bootsverleih Comer See: Standort, \u00d6ffnungszeiten und n\u00fctzliche Informationen Wie Sie Como Lake Boats erreichen und kontaktieren Planen Sie Ihr n\u00e4chstes Wasserabenteuer mit Como Lake Boats. Unser Hauptsitz in Domaso (CO) ist der ideale Ausgangspunkt, um die historischen Villen und die malerischsten D\u00f6rfer des Lario zu erkunden. Ob Sie ein Motorboot ohne F\u00fchrerschein mieten oder ein Boot f\u00fcr eine private Tour w\u00fcnschen, wir garantieren direkten Zugang zum See mit schnellen und transparenten Check-in-Prozessen. Konsultieren Sie unsere aktualisierten Saisonzeiten und erfahren Sie, wie Sie uns leicht erreichen k\u00f6nnen: Ihr Premium-Erlebnis f\u00fcr Bootsverleih am Comer See beginnt hier, mit der Professionalit\u00e4t derer, die den See t\u00e4glich leben. COMOLAKEBOATS \u00d6FFNUNGSZEITEN: 09.00 &#8211; 12.0013.00 &#8211; 19.00 . SO ERREICHEN SIE UNS LOCATION: Circolo Vela Canottieri DomasoVia Antica Regina 36 &#8211; 22013DOMASO (CO) ITALY Breitengrad: 46,159051714096194L\u00e4ngengrad: 9,341902756738074 oder Breitengrad: 46\u00b0 9&#8242; 32,59&#8243; NL\u00e4ngengrad: 9\u00b0 20&#8242; 30,85&#8243; O SO ERREICHEN SIE UNS Telefon: +39 333 401 4995E-Mail: info@comolakeboats.it<\/p>\n","protected":false},"author":1,"featured_media":0,"parent":0,"menu_order":0,"comment_status":"closed","ping_status":"closed","template":"","meta":{"footnotes":""},"class_list":["post-1049","page","type-page","status-publish","hentry"],"yoast_head":"<!-- This site is optimized with the Yoast SEO plugin v27.2 - https:\/\/yoast.com\/product\/yoast-seo-wordpress\/ -->\n<title>Bootsverleih am Comer See: \u00d6ffnungszeiten und Lage<\/title>\n<meta name=\"description\" content=\"Bootsverleih am Comer See: N\u00fctzliche Zeiten und Standorte, um Comolakeboats zu erreichen und hilfreiche Informationen f\u00fcr Ihre Bootsmiete zu erhalten.\" \/>\n<meta name=\"robots\" content=\"index, follow, max-snippet:-1, max-image-preview:large, max-video-preview:-1\" \/>\n<link rel=\"canonical\" href=\"https:\/\/www.comolakeboats.it\/de\/kontaktformular-italienisch\/\" \/>\n<meta property=\"og:locale\" content=\"de_DE\" \/>\n<meta property=\"og:type\" content=\"article\" \/>\n<meta property=\"og:title\" content=\"Bootsverleih am Comer See: \u00d6ffnungszeiten und Lage\" \/>\n<meta property=\"og:description\" content=\"Bootsverleih am Comer See: N\u00fctzliche Zeiten und Standorte, um Comolakeboats zu erreichen und hilfreiche Informationen f\u00fcr Ihre Bootsmiete zu erhalten.\" \/>\n<meta property=\"og:url\" content=\"https:\/\/www.comolakeboats.it\/de\/kontaktformular-italienisch\/\" \/>\n<meta property=\"og:site_name\" content=\"Comolakeboats\" \/>\n<meta property=\"article:modified_time\" content=\"2026-03-06T08:47:31+00:00\" \/>\n<meta property=\"og:image\" content=\"https:\/\/www.comolakeboats.it\/wp-content\/uploads\/2025\/03\/DSC00275-1.webp\" \/>\n\t<meta property=\"og:image:width\" content=\"1200\" \/>\n\t<meta property=\"og:image:height\" content=\"800\" \/>\n\t<meta property=\"og:image:type\" content=\"image\/webp\" \/>\n<meta name=\"twitter:card\" content=\"summary_large_image\" \/>\n<meta name=\"twitter:label1\" content=\"Gesch\u00e4tzte Lesezeit\" \/>\n\t<meta name=\"twitter:data1\" content=\"1\u00a0Minute\" \/>\n<!-- \/ Yoast SEO plugin. -->","yoast_head_json":{"title":"Bootsverleih am Comer See: \u00d6ffnungszeiten und Lage","description":"Bootsverleih am Comer See: N\u00fctzliche Zeiten und Standorte, um Comolakeboats zu erreichen und hilfreiche Informationen f\u00fcr Ihre Bootsmiete zu erhalten.","robots":{"index":"index","follow":"follow","max-snippet":"max-snippet:-1","max-image-preview":"max-image-preview:large","max-video-preview":"max-video-preview:-1"},"canonical":"https:\/\/www.comolakeboats.it\/de\/kontaktformular-italienisch\/","og_locale":"de_DE","og_type":"article","og_title":"Bootsverleih am Comer See: \u00d6ffnungszeiten und Lage","og_description":"Bootsverleih am Comer See: N\u00fctzliche Zeiten und Standorte, um Comolakeboats zu erreichen und hilfreiche Informationen f\u00fcr Ihre Bootsmiete zu erhalten.","og_url":"https:\/\/www.comolakeboats.it\/de\/kontaktformular-italienisch\/","og_site_name":"Comolakeboats","article_modified_time":"2026-03-06T08:47:31+00:00","og_image":[{"width":1200,"height":800,"url":"https:\/\/www.comolakeboats.it\/wp-content\/uploads\/2025\/03\/DSC00275-1.webp","type":"image\/webp"}],"twitter_card":"summary_large_image","twitter_misc":{"Gesch\u00e4tzte Lesezeit":"1\u00a0Minute"},"schema":{"@context":"https:\/\/schema.org","@graph":[{"@type":"WebPage","@id":"https:\/\/www.comolakeboats.it\/de\/kontaktformular-italienisch\/","url":"https:\/\/www.comolakeboats.it\/de\/kontaktformular-italienisch\/","name":"Bootsverleih am Comer See: \u00d6ffnungszeiten und Lage","isPartOf":{"@id":"https:\/\/www.comolakeboats.it\/#website"},"datePublished":"2025-01-28T15:35:14+00:00","dateModified":"2026-03-06T08:47:31+00:00","description":"Bootsverleih am Comer See: N\u00fctzliche Zeiten und Standorte, um Comolakeboats zu erreichen und hilfreiche Informationen f\u00fcr Ihre Bootsmiete zu erhalten.","breadcrumb":{"@id":"https:\/\/www.comolakeboats.it\/de\/kontaktformular-italienisch\/#breadcrumb"},"inLanguage":"de","potentialAction":[{"@type":"ReadAction","target":["https:\/\/www.comolakeboats.it\/de\/kontaktformular-italienisch\/"]}]},{"@type":"BreadcrumbList","@id":"https:\/\/www.comolakeboats.it\/de\/kontaktformular-italienisch\/#breadcrumb","itemListElement":[{"@type":"ListItem","position":1,"name":"Home","item":"https:\/\/www.comolakeboats.it\/de\/home\/"},{"@type":"ListItem","position":2,"name":"Kontaktformular Italienisch"}]},{"@type":"WebSite","@id":"https:\/\/www.comolakeboats.it\/#website","url":"https:\/\/www.comolakeboats.it\/","name":"Comolakeboats","description":"","publisher":{"@id":"https:\/\/www.comolakeboats.it\/#organization"},"potentialAction":[{"@type":"SearchAction","target":{"@type":"EntryPoint","urlTemplate":"https:\/\/www.comolakeboats.it\/?s={search_term_string}"},"query-input":{"@type":"PropertyValueSpecification","valueRequired":true,"valueName":"search_term_string"}}],"inLanguage":"de"},{"@type":"Organization","@id":"https:\/\/www.comolakeboats.it\/#organization","name":"Como Lake Boats","url":"https:\/\/www.comolakeboats.it\/","logo":{"@type":"ImageObject","inLanguage":"de","@id":"https:\/\/www.comolakeboats.it\/#\/schema\/logo\/image\/","url":"https:\/\/www.comolakeboats.it\/wp-content\/uploads\/2026\/03\/logo_como_lakeboats.png","contentUrl":"https:\/\/www.comolakeboats.it\/wp-content\/uploads\/2026\/03\/logo_como_lakeboats.png","width":696,"height":696,"caption":"Como Lake Boats"},"image":{"@id":"https:\/\/www.comolakeboats.it\/#\/schema\/logo\/image\/"},"sameAs":["https:\/\/www.instagram.com\/comolakeboats"]}]}},"_links":{"self":[{"href":"https:\/\/www.comolakeboats.it\/de\/wp-json\/wp\/v2\/pages\/1049","targetHints":{"allow":["GET"]}}],"collection":[{"href":"https:\/\/www.comolakeboats.it\/de\/wp-json\/wp\/v2\/pages"}],"about":[{"href":"https:\/\/www.comolakeboats.it\/de\/wp-json\/wp\/v2\/types\/page"}],"author":[{"embeddable":true,"href":"https:\/\/www.comolakeboats.it\/de\/wp-json\/wp\/v2\/users\/1"}],"replies":[{"embeddable":true,"href":"https:\/\/www.comolakeboats.it\/de\/wp-json\/wp\/v2\/comments?post=1049"}],"version-history":[{"count":5,"href":"https:\/\/www.comolakeboats.it\/de\/wp-json\/wp\/v2\/pages\/1049\/revisions"}],"predecessor-version":[{"id":3392,"href":"https:\/\/www.comolakeboats.it\/de\/wp-json\/wp\/v2\/pages\/1049\/revisions\/3392"}],"wp:attachment":[{"href":"https:\/\/www.comolakeboats.it\/de\/wp-json\/wp\/v2\/media?parent=1049"}],"curies":[{"name":"wp","href":"https:\/\/api.w.org\/{rel}","templated":true}]}}