{"id":1160,"date":"2025-02-07T17:45:14","date_gmt":"2025-02-07T16:45:14","guid":{"rendered":"https:\/\/www.comolakeboats.it\/taxiservice\/"},"modified":"2026-03-06T11:40:52","modified_gmt":"2026-03-06T10:40:52","slug":"taxiservice","status":"publish","type":"page","link":"https:\/\/www.comolakeboats.it\/de\/taxiservice\/","title":{"rendered":"TAXISERVICE"},"content":{"rendered":"\t\t<div data-elementor-type=\"wp-page\" data-elementor-id=\"1160\" class=\"elementor elementor-1160 elementor-729\">\n\t\t\t\t<div class=\"elementor-element elementor-element-f129a66 e-flex e-con-boxed wpr-particle-no wpr-jarallax-no wpr-parallax-no wpr-sticky-section-no e-con e-parent\" data-id=\"f129a66\" data-element_type=\"container\" data-e-type=\"container\">\n\t\t\t\t\t<div class=\"e-con-inner\">\n\t\t\t\t<div class=\"elementor-element elementor-element-d9cd0b7 elementor-widget elementor-widget-heading\" data-id=\"d9cd0b7\" data-element_type=\"widget\" data-e-type=\"widget\" data-widget_type=\"heading.default\">\n\t\t\t\t<div class=\"elementor-widget-container\">\n\t\t\t\t\t<h2 class=\"elementor-heading-title elementor-size-default\"><h1 data-section-id=\"17mug55\" data-start=\"289\" data-end=\"352\">Boot mit Fahrer auf dem Comer See: Exklusive Touren und Entspannung<span style=\"font-size: 2rem;font-weight: 600\"><\/span><\/h1><\/h2>\t\t\t\t<\/div>\n\t\t\t\t<\/div>\n\t\t\t\t<div class=\"elementor-element elementor-element-ff60e39 elementor-widget elementor-widget-text-editor\" data-id=\"ff60e39\" data-element_type=\"widget\" data-e-type=\"widget\" data-widget_type=\"text-editor.default\">\n\t\t\t\t<div class=\"elementor-widget-container\">\n\t\t\t\t\t\t\t\t\t<p>Den Comer See mit dem Boot mit Skipper zu entdecken, ist eine der exklusivsten und entspannendsten M\u00f6glichkeiten, die Landschaft des Lario zu bewundern. Mit dem Bootsverleih mit Skipper k\u00f6nnen Sie ein einzigartiges Erlebnis zwischen historischen Villen, malerischen D\u00f6rfern und spektakul\u00e4ren Ausblicken genie\u00dfen, ohne sich um die Navigation k\u00fcmmern zu m\u00fcssen. Unsere Boote mit Skipper auf dem Comer See sind perfekt f\u00fcr alle, die den See in vollem Komfort genie\u00dfen m\u00f6chten: ideal f\u00fcr private Touren, romantische Tage, besondere Anl\u00e4sse oder einfach nur f\u00fcr ein paar Stunden Entspannung auf dem Wasser.  <\/p>\t\t\t\t\t\t\t\t<\/div>\n\t\t\t\t<\/div>\n\t\t\t\t<div class=\"elementor-element elementor-element-ab617b0 elementor-widget elementor-widget-heading\" data-id=\"ab617b0\" data-element_type=\"widget\" data-e-type=\"widget\" data-widget_type=\"heading.default\">\n\t\t\t\t<div class=\"elementor-widget-container\">\n\t\t\t\t\t<h3 class=\"elementor-heading-title elementor-size-default\">Private Tour auf dem Comer See<\/h3>\t\t\t\t<\/div>\n\t\t\t\t<\/div>\n\t\t\t\t<div class=\"elementor-element elementor-element-99d79b1 elementor-widget elementor-widget-text-editor\" data-id=\"99d79b1\" data-element_type=\"widget\" data-e-type=\"widget\" data-widget_type=\"text-editor.default\">\n\t\t\t\t<div class=\"elementor-widget-container\">\n\t\t\t\t\t\t\t\t\t<p data-start=\"960\" data-end=\"1271\">Eine Bootstour mit Skipper erm\u00f6glicht es Ihnen, die faszinierendsten Gebiete des Sees aus einer privilegierten Perspektive zu erkunden. W\u00e4hrend Sie entlang der Ufer des Lario fahren, k\u00f6nnen Sie ber\u00fchmte Villen, historische G\u00e4rten und malerische D\u00f6rfer mit Blick auf das Wasser bewundern und dort anhalten, wo Sie ein Bad nehmen oder eine Panorama-Pause einlegen m\u00f6chten. Unsere Ausfl\u00fcge k\u00f6nnen an Ihre Bed\u00fcrfnisse angepasst werden: <\/p><ul data-start=\"1353\" data-end=\"1545\"><li data-section-id=\"1os6gdn\" data-start=\"1353\" data-end=\"1401\"><p data-start=\"1355\" data-end=\"1401\">Panoramatouren zu den bekanntesten Orten<\/p><\/li><li data-section-id=\"1kcuu2u\" data-start=\"1402\" data-end=\"1433\"><p data-start=\"1404\" data-end=\"1433\">Romantische Ausfl\u00fcge zum Sonnenuntergang<\/p><\/li><li data-section-id=\"j2kde7\" data-start=\"1434\" data-end=\"1474\"><p data-start=\"1436\" data-end=\"1474\">Entspannte Tage mit einem Bad im See<\/p><\/li><li data-section-id=\"dk63qd\" data-start=\"1475\" data-end=\"1545\"><p data-start=\"1477\" data-end=\"1545\">Bootstransfers zwischen den wichtigsten St\u00e4dten am Comer See<\/p><\/li><\/ul><p data-start=\"1547\" data-end=\"1663\">Der Chauffeurservice ist die ideale L\u00f6sung f\u00fcr alle, die den See exklusiv und stressfrei erleben m\u00f6chten.<\/p>\t\t\t\t\t\t\t\t<\/div>\n\t\t\t\t<\/div>\n\t\t\t\t<div class=\"elementor-element elementor-element-451857f elementor-widget elementor-widget-heading\" data-id=\"451857f\" data-element_type=\"widget\" data-e-type=\"widget\" data-widget_type=\"heading.default\">\n\t\t\t\t<div class=\"elementor-widget-container\">\n\t\t\t\t\t<h3 class=\"elementor-heading-title elementor-size-default\">Elegante und komfortable Boote<\/h3>\t\t\t\t<\/div>\n\t\t\t\t<\/div>\n\t\t\t\t<div class=\"elementor-element elementor-element-ec34532 elementor-widget elementor-widget-text-editor\" data-id=\"ec34532\" data-element_type=\"widget\" data-e-type=\"widget\" data-widget_type=\"text-editor.default\">\n\t\t\t\t<div class=\"elementor-widget-container\">\n\t\t\t\t\t\t\t\t\t<p data-start=\"1700\" data-end=\"2062\">Die Flotte f\u00fcr die Bootsvermietung mit Skipper umfasst moderne und raffinierte Boote, die den Passagieren maximalen Komfort bieten. Unter den verf\u00fcgbaren Modellen finden wir elegante Motorboote wie Cranchi E30 und Cranchi E26 Classic, perfekt f\u00fcr private Touren und unvergessliche Tage auf dem See. Die R\u00e4ume an Bord sind so gestaltet, dass sie Entspannung und Geselligkeit gew\u00e4hrleisten: bequeme Sofas, gro\u00dfe Sonnenterrassen und eine komplette Ausstattung an Bord machen jeden Bootsausflug zu einem angenehmen und sicheren Erlebnis. <\/p>\t\t\t\t\t\t\t\t<\/div>\n\t\t\t\t<\/div>\n\t\t\t\t<div class=\"elementor-element elementor-element-dd05485 elementor-widget elementor-widget-heading\" data-id=\"dd05485\" data-element_type=\"widget\" data-e-type=\"widget\" data-widget_type=\"heading.default\">\n\t\t\t\t<div class=\"elementor-widget-container\">\n\t\t\t\t\t<h3 class=\"elementor-heading-title elementor-size-default\">Esperienze da vivere in barca<\/h3>\t\t\t\t<\/div>\n\t\t\t\t<\/div>\n\t\t\t\t<div class=\"elementor-element elementor-element-2e70b54 elementor-widget elementor-widget-text-editor\" data-id=\"2e70b54\" data-element_type=\"widget\" data-e-type=\"widget\" data-widget_type=\"text-editor.default\">\n\t\t\t\t<div class=\"elementor-widget-container\">\n\t\t\t\t\t\t\t\t\t<p data-start=\"2291\" data-end=\"2432\">Ein Boot mit Fahrer auf dem Comer See zu mieten, bedeutet, den See auf authentische und exklusive Weise zu erleben. W\u00e4hrend der Tour k\u00f6nnen Sie: <\/p><ul data-start=\"2434\" data-end=\"2635\"><li data-section-id=\"a7988y\" data-start=\"2434\" data-end=\"2473\"><p data-start=\"2436\" data-end=\"2473\">Bewundern Sie die historischen Villen am See<\/p><\/li><li data-section-id=\"w5kl9w\" data-start=\"2474\" data-end=\"2518\"><p data-start=\"2476\" data-end=\"2518\">in ruhigeren Gew\u00e4ssern baden<\/p><\/li><li data-section-id=\"yvj0jh\" data-start=\"2519\" data-end=\"2577\"><p data-start=\"2521\" data-end=\"2577\">Restaurants und reizvolle Orte erreichen Sie mit dem Wasserweg.<\/p><\/li><li data-section-id=\"1gjp5nw\" data-start=\"2578\" data-end=\"2635\"><p data-start=\"2580\" data-end=\"2635\">Organisieren Sie Aperitifs oder romantische Momente bei Sonnenuntergang<\/p><\/li><\/ul><p data-start=\"2637\" data-end=\"2763\">Dank der Anwesenheit eines erfahrenen Skippers k\u00f6nnen Sie sich vollkommen entspannen und sich nur auf die Sch\u00f6nheit der Landschaft konzentrieren.<\/p>\t\t\t\t\t\t\t\t<\/div>\n\t\t\t\t<\/div>\n\t\t\t\t<div class=\"elementor-element elementor-element-5c81c4b elementor-widget elementor-widget-heading\" data-id=\"5c81c4b\" data-element_type=\"widget\" data-e-type=\"widget\" data-widget_type=\"heading.default\">\n\t\t\t\t<div class=\"elementor-widget-container\">\n\t\t\t\t\t<h3 class=\"elementor-heading-title elementor-size-default\">Prenota la tua barca con conducente <\/h3>\t\t\t\t<\/div>\n\t\t\t\t<\/div>\n\t\t\t\t<div class=\"elementor-element elementor-element-c6f2441 elementor-widget elementor-widget-text-editor\" data-id=\"c6f2441\" data-element_type=\"widget\" data-e-type=\"widget\" data-widget_type=\"text-editor.default\">\n\t\t\t\t<div class=\"elementor-widget-container\">\n\t\t\t\t\t\t\t\t\t<p data-start=\"2805\" data-end=\"3107\">Suchen Sie nach einem exklusiven Erlebnis auf dem Comer See? Dann ist ein Ausflug mit Skipper die perfekte Wahl. Ob f\u00fcr ein paar Stunden oder einen ganzen Tag \u2013 mit unserem Service entdecken Sie den See aus einer einzigartigen Perspektive und wir begleiten Sie zu einigen der sch\u00f6nsten Orte Italiens. Buchen Sie jetzt und begeben Sie sich mit uns an Bord eines eleganten und komfortablen Schiffes auf eine Entdeckungsreise rund um den Comer See. <\/p>\t\t\t\t\t\t\t\t<\/div>\n\t\t\t\t<\/div>\n\t\t\t\t\t<\/div>\n\t\t\t\t<\/div>\n\t\t<div class=\"elementor-element elementor-element-0e98ad1 e-flex e-con-boxed wpr-particle-no wpr-jarallax-no wpr-parallax-no wpr-sticky-section-no e-con e-parent\" data-id=\"0e98ad1\" data-element_type=\"container\" data-e-type=\"container\">\n\t\t\t\t\t<div class=\"e-con-inner\">\n\t\t\t\t<div class=\"elementor-element elementor-element-38388c9 elementor-widget elementor-widget-heading\" data-id=\"38388c9\" data-element_type=\"widget\" data-e-type=\"widget\" data-widget_type=\"heading.default\">\n\t\t\t\t<div class=\"elementor-widget-container\">\n\t\t\t\t\t<div class=\"elementor-heading-title elementor-size-default\">CHAUFFEURSERVICE<\/div>\t\t\t\t<\/div>\n\t\t\t\t<\/div>\n\t\t\t\t<div class=\"elementor-element elementor-element-0ab4ffc barche wpr-grid-columns-3 wpr-grid-columns--tablet2 wpr-grid-columns--mobile1 wpr-item-styles-inner elementor-widget elementor-widget-wpr-grid\" data-id=\"0ab4ffc\" data-element_type=\"widget\" data-e-type=\"widget\" data-widget_type=\"wpr-grid.default\">\n\t\t\t\t<div class=\"elementor-widget-container\">\n\t\t\t\t\t<ul class=\"wpr-grid-filters elementor-clearfix wpr-grid-filters-sep-right\"><li class=\" wpr-pointer-none wpr-pointer-line-fx wpr-pointer-fx-none\"><span   data-ajax-filter=[\"category\",\"servizio-con-conducente\"]  data-filter=\".category-servizio-con-conducente\">Servizio con conducente<\/span><em class=\"wpr-grid-filters-sep\"><\/em><\/li><\/ul><section class=\"wpr-grid elementor-clearfix\" data-settings=\"{&quot;layout&quot;:&quot;fitRows&quot;,&quot;stick_last_element_to_bottom&quot;:&quot;&quot;,&quot;columns_desktop&quot;:3,&quot;gutter_hr&quot;:15,&quot;gutter_hr_mobile&quot;:15,&quot;gutter_hr_mobile_extra&quot;:15,&quot;gutter_hr_tablet&quot;:15,&quot;gutter_hr_tablet_extra&quot;:15,&quot;gutter_hr_laptop&quot;:15,&quot;gutter_hr_widescreen&quot;:15,&quot;gutter_vr&quot;:15,&quot;gutter_vr_mobile&quot;:15,&quot;gutter_vr_mobile_extra&quot;:15,&quot;gutter_vr_tablet&quot;:15,&quot;gutter_vr_tablet_extra&quot;:15,&quot;gutter_vr_laptop&quot;:15,&quot;gutter_vr_widescreen&quot;:15,&quot;animation&quot;:&quot;default&quot;,&quot;animation_duration&quot;:0.3,&quot;animation_delay&quot;:0.1,&quot;deeplinking&quot;:&quot;&quot;,&quot;filters_linkable&quot;:&quot;&quot;,&quot;filters_default_filter&quot;:&quot;&quot;,&quot;filters_count&quot;:&quot;&quot;,&quot;filters_hide_empty&quot;:&quot;no&quot;,&quot;filters_animation&quot;:&quot;default&quot;,&quot;filters_animation_duration&quot;:0.3,&quot;filters_animation_delay&quot;:0.1,&quot;pagination_type&quot;:&quot;load-more&quot;,&quot;pagination_max_pages&quot;:1,&quot;lightbox&quot;:{&quot;selector&quot;:&quot;.wpr-grid-image-wrap&quot;,&quot;iframeMaxWidth&quot;:&quot;60%&quot;,&quot;hash&quot;:false,&quot;autoplay&quot;:&quot;true&quot;,&quot;pause&quot;:5000,&quot;progressBar&quot;:&quot;true&quot;,&quot;counter&quot;:&quot;true&quot;,&quot;controls&quot;:&quot;true&quot;,&quot;getCaptionFromTitleOrAlt&quot;:&quot;true&quot;,&quot;thumbnail&quot;:&quot;&quot;,&quot;showThumbByDefault&quot;:&quot;&quot;,&quot;share&quot;:&quot;&quot;,&quot;zoom&quot;:&quot;true&quot;,&quot;fullScreen&quot;:&quot;true&quot;,&quot;download&quot;:&quot;true&quot;}}\" data-advanced-filters=\"no\"><article class=\"wpr-grid-item elementor-clearfix post-1442 post type-post status-publish format-standard has-post-thumbnail hentry category-taxiservice\"><div class=\"wpr-grid-item-inner\"><div class=\"wpr-grid-media-wrap wpr-effect-size-medium \" data-overlay-link=\"yes\"><div class=\"wpr-grid-image-wrap\" data-src=\"https:\/\/www.comolakeboats.it\/wp-content\/uploads\/2025\/02\/endurance-0-11.jpg\" data-img-on-hover=\"\"  data-src-secondary=\"\"><img decoding=\"async\" data-no-lazy=\"1\" src=\"https:\/\/www.comolakeboats.it\/wp-content\/uploads\/2025\/02\/endurance-0-11.jpg\" alt=\"Bootsverleih mit Fahrer Como\" class=\"wpr-anim-timing-ease-default\"><\/div><div class=\"wpr-grid-media-hover wpr-animation-wrap\"><div class=\"wpr-grid-media-hover-bg  wpr-overlay-fade-in wpr-anim-size-large wpr-anim-timing-ease-default wpr-anim-transparency\" data-url=\"https:\/\/www.comolakeboats.it\/de\/cranchi-e30\/\"><\/div><\/div><\/div><div class=\"wpr-grid-item-below-content elementor-clearfix\"><h2 class=\"wpr-grid-item-title elementor-repeater-item-7b41863 wpr-grid-item-display-block wpr-grid-item-align-left wpr-pointer-none wpr-pointer-line-fx wpr-pointer-fx-fade\"><div class=\"inner-block\"><a target=\"_self\"  href=\"https:\/\/www.comolakeboats.it\/de\/cranchi-e30\/\">Cranchi E30<\/a><\/div><\/h2><div class=\"wpr-grid-item-excerpt elementor-repeater-item-eb225a6 wpr-grid-item-display-block wpr-grid-item-align-left\"><div class=\"inner-block\"><p>Cranchi Endurance Blu Moon ist ein Modell mit sportlichem Charakter, das jedoch hervorragenden Komfort f\u00fcr Passagiere (maximal 10) bietet und\u2026<\/p><\/div><\/div><div class=\"wpr-grid-item-read-more elementor-repeater-item-35531a8 wpr-grid-item-display-block wpr-grid-item-align-left\"><div class=\"inner-block\"><a target=\"_self\" href=\"https:\/\/www.comolakeboats.it\/de\/cranchi-e30\/\" class=\"wpr-button-effect wpr-button-none\"><span>Buchen sie ihr Boot<\/span><\/a><\/div><\/div><\/div><\/div><\/article><article class=\"wpr-grid-item elementor-clearfix post-1438 post type-post status-publish format-standard has-post-thumbnail hentry category-taxiservice\"><div class=\"wpr-grid-item-inner\"><div class=\"wpr-grid-media-wrap wpr-effect-size-medium \" data-overlay-link=\"yes\"><div class=\"wpr-grid-image-wrap\" data-src=\"https:\/\/www.comolakeboats.it\/wp-content\/uploads\/2025\/02\/DSC00324.webp\" data-img-on-hover=\"\"  data-src-secondary=\"\"><img decoding=\"async\" data-no-lazy=\"1\" src=\"https:\/\/www.comolakeboats.it\/wp-content\/uploads\/2025\/02\/DSC00324.webp\" alt=\"Bootsverleih mit Fahrer auf dem Comer See\" class=\"wpr-anim-timing-ease-default\"><\/div><div class=\"wpr-grid-media-hover wpr-animation-wrap\"><div class=\"wpr-grid-media-hover-bg  wpr-overlay-fade-in wpr-anim-size-large wpr-anim-timing-ease-default wpr-anim-transparency\" data-url=\"https:\/\/www.comolakeboats.it\/de\/cranchi-e-26-classic\/\"><\/div><\/div><\/div><div class=\"wpr-grid-item-below-content elementor-clearfix\"><h2 class=\"wpr-grid-item-title elementor-repeater-item-7b41863 wpr-grid-item-display-block wpr-grid-item-align-left wpr-pointer-none wpr-pointer-line-fx wpr-pointer-fx-fade\"><div class=\"inner-block\"><a target=\"_self\"  href=\"https:\/\/www.comolakeboats.it\/de\/cranchi-e-26-classic\/\">Cranchi E 26 Classic<\/a><\/div><\/h2><div class=\"wpr-grid-item-excerpt elementor-repeater-item-eb225a6 wpr-grid-item-display-block wpr-grid-item-align-left\"><div class=\"inner-block\"><p>Cranchi E 26 Classic ist das ideale Boot f\u00fcr einen Ausflug auf dem See, es bietet bequem Platz f\u00fcr bis...<\/p><\/div><\/div><div class=\"wpr-grid-item-read-more elementor-repeater-item-35531a8 wpr-grid-item-display-block wpr-grid-item-align-left\"><div class=\"inner-block\"><a target=\"_self\" href=\"https:\/\/www.comolakeboats.it\/de\/cranchi-e-26-classic\/\" class=\"wpr-button-effect wpr-button-none\"><span>Buchen sie ihr Boot<\/span><\/a><\/div><\/div><\/div><\/div><\/article><\/section>\t\t\t\t<\/div>\n\t\t\t\t<\/div>\n\t\t\t\t\t<\/div>\n\t\t\t\t<\/div>\n\t\t\t\t<\/div>\n\t\t","protected":false},"excerpt":{"rendered":"<p>Boot mit Fahrer auf dem Comer See: Exklusive Touren und Entspannung Den Comer See mit dem Boot mit Skipper zu entdecken, ist eine der exklusivsten und entspannendsten M\u00f6glichkeiten, die Landschaft des Lario zu bewundern. Mit dem Bootsverleih mit Skipper k\u00f6nnen Sie ein einzigartiges Erlebnis zwischen historischen Villen, malerischen D\u00f6rfern und spektakul\u00e4ren Ausblicken genie\u00dfen, ohne sich um die Navigation k\u00fcmmern zu m\u00fcssen. Unsere Boote mit Skipper auf dem Comer See sind perfekt f\u00fcr alle, die den See in vollem Komfort genie\u00dfen m\u00f6chten: ideal f\u00fcr private Touren, romantische Tage, besondere Anl\u00e4sse oder einfach nur f\u00fcr ein paar Stunden Entspannung auf dem Wasser. Private Tour auf dem Comer See Eine Bootstour mit Skipper erm\u00f6glicht es Ihnen, die faszinierendsten Gebiete des Sees aus einer privilegierten Perspektive zu erkunden. W\u00e4hrend Sie entlang der Ufer des Lario fahren, k\u00f6nnen Sie ber\u00fchmte Villen, historische G\u00e4rten und malerische D\u00f6rfer mit Blick auf das Wasser bewundern und dort anhalten, wo Sie ein Bad nehmen oder eine Panorama-Pause einlegen m\u00f6chten. Unsere Ausfl\u00fcge k\u00f6nnen an Ihre Bed\u00fcrfnisse angepasst werden: Panoramatouren zu den bekanntesten Orten Romantische Ausfl\u00fcge zum Sonnenuntergang Entspannte Tage mit einem Bad im See Bootstransfers zwischen den wichtigsten St\u00e4dten am Comer See Der Chauffeurservice ist die ideale L\u00f6sung f\u00fcr alle, die den See exklusiv und stressfrei erleben m\u00f6chten. Elegante und komfortable Boote Die Flotte f\u00fcr die Bootsvermietung mit Skipper umfasst moderne und raffinierte Boote, die den Passagieren maximalen Komfort bieten. Unter den verf\u00fcgbaren Modellen finden wir elegante Motorboote wie Cranchi E30 und Cranchi E26 Classic, perfekt f\u00fcr private Touren und unvergessliche Tage auf dem See. Die R\u00e4ume an Bord sind so gestaltet, dass sie Entspannung und Geselligkeit gew\u00e4hrleisten: bequeme Sofas, gro\u00dfe Sonnenterrassen und eine komplette Ausstattung an Bord machen jeden Bootsausflug zu einem angenehmen und sicheren Erlebnis. Esperienze da vivere in barca Ein Boot mit Fahrer auf dem Comer See zu mieten, bedeutet, den See auf authentische und exklusive Weise zu erleben. W\u00e4hrend der Tour k\u00f6nnen Sie: Bewundern Sie die historischen Villen am See in ruhigeren Gew\u00e4ssern baden Restaurants und reizvolle Orte erreichen Sie mit dem Wasserweg. Organisieren Sie Aperitifs oder romantische Momente bei Sonnenuntergang Dank der Anwesenheit eines erfahrenen Skippers k\u00f6nnen Sie sich vollkommen entspannen und sich nur auf die Sch\u00f6nheit der Landschaft konzentrieren. Prenota la tua barca con conducente Suchen Sie nach einem exklusiven Erlebnis auf dem Comer See? Dann ist ein Ausflug mit Skipper die perfekte Wahl. Ob f\u00fcr ein paar Stunden oder einen ganzen Tag \u2013 mit unserem Service entdecken Sie den See aus einer einzigartigen Perspektive und wir begleiten Sie zu einigen der sch\u00f6nsten Orte Italiens. Buchen Sie jetzt und begeben Sie sich mit uns an Bord eines eleganten und komfortablen Schiffes auf eine Entdeckungsreise rund um den Comer See. CHAUFFEURSERVICE Servizio con conducente Cranchi E30 Cranchi E30 e\u2019 un modello dal carattere sportivo, ma che offre un ottimo confort ai passeggeri ( max 10 )&#8230; Buchen sie ihr Boot Cranchi E 26 Classic Cranchi E 26 Classic e&#039; la barca ideale per una gita sul Lago ospita comodamente fino a 6 passeggeri un&#8230; Buchen sie ihr Boot<\/p>\n","protected":false},"author":1,"featured_media":0,"parent":0,"menu_order":0,"comment_status":"closed","ping_status":"closed","template":"","meta":{"footnotes":""},"class_list":["post-1160","page","type-page","status-publish","hentry"],"yoast_head":"<!-- This site is optimized with the Yoast SEO plugin v27.2 - https:\/\/yoast.com\/product\/yoast-seo-wordpress\/ -->\n<title>Boot mit Fahrer auf dem Comer See<\/title>\n<meta name=\"description\" content=\"Bootsverleih mit Skipper auf dem Comer See. Private Touren mit Skipper vorbei an historischen Villen und einzigartigen Aussichten. Genie\u00dfen Sie ein exklusives Erlebnis.\" \/>\n<meta name=\"robots\" content=\"index, follow, max-snippet:-1, max-image-preview:large, max-video-preview:-1\" \/>\n<link rel=\"canonical\" href=\"https:\/\/www.comolakeboats.it\/de\/taxiservice\/\" \/>\n<meta property=\"og:locale\" content=\"de_DE\" \/>\n<meta property=\"og:type\" content=\"article\" \/>\n<meta property=\"og:title\" content=\"Boot mit Fahrer auf dem Comer See\" \/>\n<meta property=\"og:description\" content=\"Bootsverleih mit Skipper auf dem Comer See. Private Touren mit Skipper vorbei an historischen Villen und einzigartigen Aussichten. Genie\u00dfen Sie ein exklusives Erlebnis.\" \/>\n<meta property=\"og:url\" content=\"https:\/\/www.comolakeboats.it\/de\/taxiservice\/\" \/>\n<meta property=\"og:site_name\" content=\"Comolakeboats\" \/>\n<meta property=\"article:modified_time\" content=\"2026-03-06T10:40:52+00:00\" \/>\n<meta property=\"og:image\" content=\"https:\/\/www.comolakeboats.it\/wp-content\/uploads\/2025\/02\/endurance-0-11.jpg\" \/>\n<meta name=\"twitter:card\" content=\"summary_large_image\" \/>\n<meta name=\"twitter:label1\" content=\"Gesch\u00e4tzte Lesezeit\" \/>\n\t<meta name=\"twitter:data1\" content=\"3\u00a0Minuten\" \/>\n<!-- \/ Yoast SEO plugin. -->","yoast_head_json":{"title":"Boot mit Fahrer auf dem Comer See","description":"Bootsverleih mit Skipper auf dem Comer See. Private Touren mit Skipper vorbei an historischen Villen und einzigartigen Aussichten. Genie\u00dfen Sie ein exklusives Erlebnis.","robots":{"index":"index","follow":"follow","max-snippet":"max-snippet:-1","max-image-preview":"max-image-preview:large","max-video-preview":"max-video-preview:-1"},"canonical":"https:\/\/www.comolakeboats.it\/de\/taxiservice\/","og_locale":"de_DE","og_type":"article","og_title":"Boot mit Fahrer auf dem Comer See","og_description":"Bootsverleih mit Skipper auf dem Comer See. Private Touren mit Skipper vorbei an historischen Villen und einzigartigen Aussichten. Genie\u00dfen Sie ein exklusives Erlebnis.","og_url":"https:\/\/www.comolakeboats.it\/de\/taxiservice\/","og_site_name":"Comolakeboats","article_modified_time":"2026-03-06T10:40:52+00:00","og_image":[{"url":"https:\/\/www.comolakeboats.it\/wp-content\/uploads\/2025\/02\/endurance-0-11.jpg","type":"","width":"","height":""}],"twitter_card":"summary_large_image","twitter_misc":{"Gesch\u00e4tzte Lesezeit":"3\u00a0Minuten"},"schema":{"@context":"https:\/\/schema.org","@graph":[{"@type":"WebPage","@id":"https:\/\/www.comolakeboats.it\/de\/taxiservice\/","url":"https:\/\/www.comolakeboats.it\/de\/taxiservice\/","name":"Boot mit Fahrer auf dem Comer See","isPartOf":{"@id":"https:\/\/www.comolakeboats.it\/#website"},"primaryImageOfPage":{"@id":"https:\/\/www.comolakeboats.it\/de\/taxiservice\/#primaryimage"},"image":{"@id":"https:\/\/www.comolakeboats.it\/de\/taxiservice\/#primaryimage"},"thumbnailUrl":"https:\/\/www.comolakeboats.it\/wp-content\/uploads\/2025\/02\/endurance-0-11.jpg","datePublished":"2025-02-07T16:45:14+00:00","dateModified":"2026-03-06T10:40:52+00:00","description":"Bootsverleih mit Skipper auf dem Comer See. Private Touren mit Skipper vorbei an historischen Villen und einzigartigen Aussichten. Genie\u00dfen Sie ein exklusives Erlebnis.","breadcrumb":{"@id":"https:\/\/www.comolakeboats.it\/de\/taxiservice\/#breadcrumb"},"inLanguage":"de","potentialAction":[{"@type":"ReadAction","target":["https:\/\/www.comolakeboats.it\/de\/taxiservice\/"]}]},{"@type":"ImageObject","inLanguage":"de","@id":"https:\/\/www.comolakeboats.it\/de\/taxiservice\/#primaryimage","url":"https:\/\/www.comolakeboats.it\/wp-content\/uploads\/2025\/02\/endurance-0-11.jpg","contentUrl":"https:\/\/www.comolakeboats.it\/wp-content\/uploads\/2025\/02\/endurance-0-11.jpg"},{"@type":"BreadcrumbList","@id":"https:\/\/www.comolakeboats.it\/de\/taxiservice\/#breadcrumb","itemListElement":[{"@type":"ListItem","position":1,"name":"Home","item":"https:\/\/www.comolakeboats.it\/de\/home\/"},{"@type":"ListItem","position":2,"name":"TAXISERVICE"}]},{"@type":"WebSite","@id":"https:\/\/www.comolakeboats.it\/#website","url":"https:\/\/www.comolakeboats.it\/","name":"Comolakeboats","description":"","publisher":{"@id":"https:\/\/www.comolakeboats.it\/#organization"},"potentialAction":[{"@type":"SearchAction","target":{"@type":"EntryPoint","urlTemplate":"https:\/\/www.comolakeboats.it\/?s={search_term_string}"},"query-input":{"@type":"PropertyValueSpecification","valueRequired":true,"valueName":"search_term_string"}}],"inLanguage":"de"},{"@type":"Organization","@id":"https:\/\/www.comolakeboats.it\/#organization","name":"Como Lake Boats","url":"https:\/\/www.comolakeboats.it\/","logo":{"@type":"ImageObject","inLanguage":"de","@id":"https:\/\/www.comolakeboats.it\/#\/schema\/logo\/image\/","url":"https:\/\/www.comolakeboats.it\/wp-content\/uploads\/2026\/03\/logo_como_lakeboats.png","contentUrl":"https:\/\/www.comolakeboats.it\/wp-content\/uploads\/2026\/03\/logo_como_lakeboats.png","width":696,"height":696,"caption":"Como Lake Boats"},"image":{"@id":"https:\/\/www.comolakeboats.it\/#\/schema\/logo\/image\/"},"sameAs":["https:\/\/www.instagram.com\/comolakeboats"]}]}},"_links":{"self":[{"href":"https:\/\/www.comolakeboats.it\/de\/wp-json\/wp\/v2\/pages\/1160","targetHints":{"allow":["GET"]}}],"collection":[{"href":"https:\/\/www.comolakeboats.it\/de\/wp-json\/wp\/v2\/pages"}],"about":[{"href":"https:\/\/www.comolakeboats.it\/de\/wp-json\/wp\/v2\/types\/page"}],"author":[{"embeddable":true,"href":"https:\/\/www.comolakeboats.it\/de\/wp-json\/wp\/v2\/users\/1"}],"replies":[{"embeddable":true,"href":"https:\/\/www.comolakeboats.it\/de\/wp-json\/wp\/v2\/comments?post=1160"}],"version-history":[{"count":8,"href":"https:\/\/www.comolakeboats.it\/de\/wp-json\/wp\/v2\/pages\/1160\/revisions"}],"predecessor-version":[{"id":3421,"href":"https:\/\/www.comolakeboats.it\/de\/wp-json\/wp\/v2\/pages\/1160\/revisions\/3421"}],"wp:attachment":[{"href":"https:\/\/www.comolakeboats.it\/de\/wp-json\/wp\/v2\/media?parent=1160"}],"curies":[{"name":"wp","href":"https:\/\/api.w.org\/{rel}","templated":true}]}}